{"id":82,"date":"2012-02-08T15:20:21","date_gmt":"2012-02-08T15:20:21","guid":{"rendered":"http:\/\/www.acorpsparfait.lu\/?page_id=82"},"modified":"2018-03-06T20:08:10","modified_gmt":"2018-03-06T19:08:10","slug":"les-soins-des-pieds","status":"publish","type":"page","link":"https:\/\/netcup01acorpsparfait.lwpc.lu\/?page_id=82","title":{"rendered":"Les Soins des Pieds"},"content":{"rendered":"<div class=\"one_half\"><span data-mce-type=\"bookmark\" style=\"display: inline-block; width: 0px; overflow: hidden; line-height: 0;\" class=\"mce_SELRES_start\">\ufeff<\/span><\/p>\n<h5>Beaut\u00e9 des pieds<\/h5>\n<p>Offrez \u00e0 vos pieds un bain de bonheur pour les lib\u00e9rer des tensions, du stress et des callosit\u00e9s.<br \/>\nSuivi d\u2019un <strong>massage<\/strong>, pour un moment de d\u00e9tente, ils retrouveront souplesse et douceur.<\/p>\n<\/div>\n<div class=\"one_half last\">\n<div align=\"center\"><img decoding=\"async\" class=\"aligncenter\" src=\"wp-content\/uploads\/img\/pieds.jpg\" alt=\"\" \/><\/div>\n<\/div>\n<h5>Sheekee Nails Wraps<\/h5>\n<p>&#8211; sur ongles naturels<br \/>\n&#8211; avec remplissage<\/p>\n<h5>Pose Vernis<\/h5>\n<h5>Pose Gel<\/h5>\n","protected":false},"excerpt":{"rendered":"<p>\ufeff Beaut\u00e9 des pieds Offrez \u00e0 vos pieds un bain de bonheur pour les lib\u00e9rer des tensions, du stress et des callosit\u00e9s. Suivi d\u2019un massage, pour un moment de d\u00e9tente, ils retrouveront souplesse et douceur. Sheekee Nails Wraps &#8211; sur ongles naturels &#8211; avec remplissage Pose Vernis Pose Gel<\/p>\n","protected":false},"author":2,"featured_media":0,"parent":75,"menu_order":0,"comment_status":"closed","ping_status":"open","template":"","meta":{"footnotes":""},"class_list":["post-82","page","type-page","status-publish","hentry"],"_links":{"self":[{"href":"https:\/\/netcup01acorpsparfait.lwpc.lu\/index.php?rest_route=\/wp\/v2\/pages\/82","targetHints":{"allow":["GET"]}}],"collection":[{"href":"https:\/\/netcup01acorpsparfait.lwpc.lu\/index.php?rest_route=\/wp\/v2\/pages"}],"about":[{"href":"https:\/\/netcup01acorpsparfait.lwpc.lu\/index.php?rest_route=\/wp\/v2\/types\/page"}],"author":[{"embeddable":true,"href":"https:\/\/netcup01acorpsparfait.lwpc.lu\/index.php?rest_route=\/wp\/v2\/users\/2"}],"replies":[{"embeddable":true,"href":"https:\/\/netcup01acorpsparfait.lwpc.lu\/index.php?rest_route=%2Fwp%2Fv2%2Fcomments&post=82"}],"version-history":[{"count":11,"href":"https:\/\/netcup01acorpsparfait.lwpc.lu\/index.php?rest_route=\/wp\/v2\/pages\/82\/revisions"}],"predecessor-version":[{"id":6059,"href":"https:\/\/netcup01acorpsparfait.lwpc.lu\/index.php?rest_route=\/wp\/v2\/pages\/82\/revisions\/6059"}],"up":[{"embeddable":true,"href":"https:\/\/netcup01acorpsparfait.lwpc.lu\/index.php?rest_route=\/wp\/v2\/pages\/75"}],"wp:attachment":[{"href":"https:\/\/netcup01acorpsparfait.lwpc.lu\/index.php?rest_route=%2Fwp%2Fv2%2Fmedia&parent=82"}],"curies":[{"name":"wp","href":"https:\/\/api.w.org\/{rel}","templated":true}]}}