{"id":84,"date":"2012-02-08T15:23:31","date_gmt":"2012-02-08T15:23:31","guid":{"rendered":"http:\/\/www.acorpsparfait.lu\/?page_id=84"},"modified":"2012-03-23T09:45:51","modified_gmt":"2012-03-23T09:45:51","slug":"epilations","status":"publish","type":"page","link":"https:\/\/netcup01acorpsparfait.lwpc.lu\/?page_id=84","title":{"rendered":"\u00c9pilations"},"content":{"rendered":"<p>\u00c9t\u00e9 comme hiver, l&rsquo;\u00e9l\u00e9gance f\u00e9minine proscrit les poils superflus.<\/p>\n<h5><img loading=\"lazy\" decoding=\"async\" class=\"alignright size-medium wp-image-126\" title=\"Epilation\" src=\"http:\/\/www.acorpsparfait.lu\/wp-content\/uploads\/2012\/02\/Accueil_epilation-300x200.jpg\" alt=\"\" width=\"300\" height=\"200\" srcset=\"https:\/\/netcup01acorpsparfait.lwpc.lu\/wp-content\/uploads\/2012\/02\/Accueil_epilation-300x200.jpg 300w, https:\/\/netcup01acorpsparfait.lwpc.lu\/wp-content\/uploads\/2012\/02\/Accueil_epilation-1024x682.jpg 1024w, https:\/\/netcup01acorpsparfait.lwpc.lu\/wp-content\/uploads\/2012\/02\/Accueil_epilation-450x300.jpg 450w\" sizes=\"auto, (max-width: 300px) 100vw, 300px\" \/>Pour elle :<\/h5>\n<ul>\n<li>Sourcils<\/li>\n<li>L\u00e8vres<\/li>\n<li>Visage<\/li>\n<li>Aisselles<\/li>\n<li>Bras<\/li>\n<li>Bikini br\u00e9silien<\/li>\n<li>Bikini int\u00e9gral<\/li>\n<li>Bikini int\u00e9gral + Arri\u00e8re<\/li>\n<li>\u00bd Jambes<\/li>\n<li>\u00be Jambes<\/li>\n<li>Jambes compl\u00e8tes<\/li>\n<\/ul>\n<p style=\"text-align: center;\">Forfait \u00e9pilation<br \/>\n&#8211; \u00bd jambes + bikini int\u00e9gral + aisselles<br \/>\n&#8211; sourcils + bikini int\u00e9gral + arri\u00e8re\u00a0+ jambes compl\u00e8tes<\/p>\n<h5>Pour Lui :<\/h5>\n<ul>\n<li>Dos<\/li>\n<li><span style=\"text-align: left;\">Torse<\/span><\/li>\n<li><span style=\"text-align: left;\">\u00c9paules<\/span><\/li>\n<li><span style=\"text-align: left;\">Aisselles<\/span><\/li>\n<li><span style=\"text-align: left;\">Jambes<\/span><\/li>\n<\/ul>\n","protected":false},"excerpt":{"rendered":"<p>\u00c9t\u00e9 comme hiver, l&rsquo;\u00e9l\u00e9gance f\u00e9minine proscrit les poils superflus. Pour elle : Sourcils L\u00e8vres Visage Aisselles Bras Bikini br\u00e9silien Bikini int\u00e9gral Bikini int\u00e9gral + Arri\u00e8re \u00bd Jambes \u00be Jambes Jambes compl\u00e8tes Forfait \u00e9pilation &#8211; \u00bd jambes + bikini int\u00e9gral + aisselles &#8211; sourcils + bikini int\u00e9gral + arri\u00e8re\u00a0+ jambes compl\u00e8tes Pour Lui : Dos Torse [&hellip;]<\/p>\n","protected":false},"author":2,"featured_media":0,"parent":75,"menu_order":0,"comment_status":"closed","ping_status":"open","template":"","meta":{"footnotes":""},"class_list":["post-84","page","type-page","status-publish","hentry"],"_links":{"self":[{"href":"https:\/\/netcup01acorpsparfait.lwpc.lu\/index.php?rest_route=\/wp\/v2\/pages\/84","targetHints":{"allow":["GET"]}}],"collection":[{"href":"https:\/\/netcup01acorpsparfait.lwpc.lu\/index.php?rest_route=\/wp\/v2\/pages"}],"about":[{"href":"https:\/\/netcup01acorpsparfait.lwpc.lu\/index.php?rest_route=\/wp\/v2\/types\/page"}],"author":[{"embeddable":true,"href":"https:\/\/netcup01acorpsparfait.lwpc.lu\/index.php?rest_route=\/wp\/v2\/users\/2"}],"replies":[{"embeddable":true,"href":"https:\/\/netcup01acorpsparfait.lwpc.lu\/index.php?rest_route=%2Fwp%2Fv2%2Fcomments&post=84"}],"version-history":[{"count":18,"href":"https:\/\/netcup01acorpsparfait.lwpc.lu\/index.php?rest_route=\/wp\/v2\/pages\/84\/revisions"}],"predecessor-version":[{"id":300,"href":"https:\/\/netcup01acorpsparfait.lwpc.lu\/index.php?rest_route=\/wp\/v2\/pages\/84\/revisions\/300"}],"up":[{"embeddable":true,"href":"https:\/\/netcup01acorpsparfait.lwpc.lu\/index.php?rest_route=\/wp\/v2\/pages\/75"}],"wp:attachment":[{"href":"https:\/\/netcup01acorpsparfait.lwpc.lu\/index.php?rest_route=%2Fwp%2Fv2%2Fmedia&parent=84"}],"curies":[{"name":"wp","href":"https:\/\/api.w.org\/{rel}","templated":true}]}}